{"id":101,"date":"2021-06-14T17:13:48","date_gmt":"2021-06-14T15:13:48","guid":{"rendered":"https:\/\/acusmed.com\/?page_id=101"},"modified":"2025-05-06T16:14:48","modified_gmt":"2025-05-06T14:14:48","slug":"nuestro-compromiso-con-el-medio-ambiente","status":"publish","type":"page","link":"https:\/\/acusmed.com\/en\/nuestro-compromiso-con-el-medio-ambiente\/","title":{"rendered":"Commited to environment"},"content":{"rendered":"<div class=\"wp-block-image\">\n<figure class=\"alignleft size-large\"><img loading=\"lazy\" decoding=\"async\" width=\"442\" height=\"332\" src=\"https:\/\/acusmed.com\/wp-content\/uploads\/corazon.jpg\" alt=\"\" class=\"wp-image-102\" srcset=\"https:\/\/acusmed.com\/wp-content\/uploads\/corazon.jpg 442w, https:\/\/acusmed.com\/wp-content\/uploads\/corazon-300x225.jpg 300w\" sizes=\"auto, (max-width: 442px) 100vw, 442px\" \/><\/figure>\n<\/div>\n\n\n<p class=\"translation-block\"><p>ISO 14001<\/p>\n<p>Annual Sustainability Memory<\/p>\n<p>Annual Progress Report to Global Compact (UN)<\/p><\/p>\n\n\n\n<ul class=\"wp-block-list\">\n<li class=\"translation-block\"><\/ul><\/li>\n\n\n\n<li class=\"translation-block\"><\/ul><\/li>\n\n\n\n<li class=\"translation-block\"><\/ul><\/li>\n<\/ul>\n\n\n\n<p><\/ul><\/p>\n\n\n\n<ul class=\"wp-block-list\">\n<li class=\"translation-block\"><\/ul><\/li>\n\n\n\n<li class=\"translation-block\"><\/ul><\/li>\n\n\n\n<li><\/ul>Attached PDF:<\/li>\n<\/ul>\n\n\n\n<div data-wp-interactive=\"core\/file\" class=\"wp-block-file\"><object data-wp-bind--hidden=\"!state.hasPdfPreview\" hidden class=\"wp-block-file__embed\" data=\"https:\/\/acusmed.com\/wp-content\/uploads\/POL-CALMA-OBJ-AMS-2025.pdf\" type=\"application\/pdf\" style=\"width:100%;height:600px\" aria-label=\"Embed of POL-CALMA-OBJ-AMS 2025.\"><\/object><a id=\"wp-block-file--media-ed4c5ef1-5e97-49b5-b71d-b0e596d40252\" href=\"https:\/\/acusmed.com\/wp-content\/uploads\/POL-CALMA-OBJ-AMS-2025.pdf\">POL-CALMA-OBJ-AMS 2025<\/a><a href=\"https:\/\/acusmed.com\/wp-content\/uploads\/POL-CALMA-OBJ-AMS-2025.pdf\" class=\"wp-block-file__button wp-element-button\" download aria-describedby=\"wp-block-file--media-ed4c5ef1-5e97-49b5-b71d-b0e596d40252\">Descarga<\/a><\/div>","protected":false},"excerpt":{"rendered":"<p>Uno de nuestros compromisos es trabajar respetuosamente con el medio ambiente, desde la honestidad y la \u00e9tica empresarial. Por eso, buscamos integrar criterios de sostenibilidad en todas nuestras decisiones y proyectos profesionales.Nuestra&nbsp;actuaci\u00f3n ambiental&nbsp;pretende ser&nbsp;respetuosa y responsable, procurando contribuir a&nbsp;una econom\u00eda baja en carbono as\u00ed como a la preservaci\u00f3n de la biodiversidad y de la naturaleza, [&hellip;]<\/p>\n","protected":false},"author":1,"featured_media":0,"parent":0,"menu_order":0,"comment_status":"closed","ping_status":"closed","template":"","meta":{"_genesis_hide_title":false,"_genesis_hide_breadcrumbs":false,"_genesis_hide_singular_image":false,"_genesis_hide_footer_widgets":false,"_genesis_custom_body_class":"","_genesis_custom_post_class":"","_genesis_layout":"","footnotes":""},"class_list":{"0":"post-101","1":"page","2":"type-page","3":"status-publish","5":"entry"},"_links":{"self":[{"href":"https:\/\/acusmed.com\/en\/wp-json\/wp\/v2\/pages\/101","targetHints":{"allow":["GET"]}}],"collection":[{"href":"https:\/\/acusmed.com\/en\/wp-json\/wp\/v2\/pages"}],"about":[{"href":"https:\/\/acusmed.com\/en\/wp-json\/wp\/v2\/types\/page"}],"author":[{"embeddable":true,"href":"https:\/\/acusmed.com\/en\/wp-json\/wp\/v2\/users\/1"}],"replies":[{"embeddable":true,"href":"https:\/\/acusmed.com\/en\/wp-json\/wp\/v2\/comments?post=101"}],"version-history":[{"count":13,"href":"https:\/\/acusmed.com\/en\/wp-json\/wp\/v2\/pages\/101\/revisions"}],"predecessor-version":[{"id":592,"href":"https:\/\/acusmed.com\/en\/wp-json\/wp\/v2\/pages\/101\/revisions\/592"}],"wp:attachment":[{"href":"https:\/\/acusmed.com\/en\/wp-json\/wp\/v2\/media?parent=101"}],"curies":[{"name":"wp","href":"https:\/\/api.w.org\/{rel}","templated":true}]}}