{"id":123,"date":"2021-06-14T17:24:03","date_gmt":"2021-06-14T15:24:03","guid":{"rendered":"https:\/\/acusmed.com\/?page_id=123"},"modified":"2021-06-14T17:31:20","modified_gmt":"2021-06-14T15:31:20","slug":"buen-gobierno","status":"publish","type":"page","link":"https:\/\/acusmed.com\/en\/buen-gobierno\/","title":{"rendered":"Corporate gobernance"},"content":{"rendered":"<div class=\"wp-block-image\"><figure class=\"alignleft size-large\"><img loading=\"lazy\" decoding=\"async\" width=\"293\" height=\"166\" src=\"https:\/\/acusmed.com\/wp-content\/uploads\/nora_senegal_mamagala.jpg\" alt=\"\" class=\"wp-image-134\"\/><\/figure><\/div>\n\n\n\n<p class=\"translation-block\">Acusmed managers are always listening to the staff and to the stakeholders to advance in a sustainable way, maximazing our profit without losing sight of our values : <b>EXPERIENCE, COMMITMENT AND RESPETC TO OUR STAKEHOLDERS<\/b>.<\/p>\n\n\n\n<p class=\"translation-block\"><strong>La primera responsabilidad de una empresa es obtener un beneficio, pero no s\u00f3lo econ\u00f3mico, sino tambi\u00e9n cuantificable en t\u00e9rminos de reputaci\u00f3n, imagen, calidad, etc. Por eso la direcci\u00f3n de Acusmed creemos que ganar dinero no es la \u00fanica responsabilidad de nuestra empresa. <\/strong>Una empresa, que no un negocio, tiene un valor social que la direcci\u00f3n debe tener presente en la toma de decisiones.<\/p>\n\n\n\n<p class=\"translation-block\"><strong>Un liderazgo equivocado, que no de la suficiente consideraci\u00f3n e importancia al medio ambiente, a las personas, al entorno socia<\/strong>l (adem\u00e1s de d\u00e1rsela a la parte econ\u00f3mica), puede incurrir en errores que den como resultado accidentes que da\u00f1en a la biodiversidad y a la salud de las personas.<\/p>\n\n\n\n<p class=\"translation-block\">La direcci\u00f3n de Acusmed est\u00e1 escuchando y aprendiendo de forma continua, para gobernar la empresa de forma responsable y sostenible, maximizando los beneficios sin perder de vista nuestros valores: <strong>EXPERIENCIA, COMPROMISO Y RESPETO, HACIA NUESTROS GRUPOS DE INTER\u00c9S<\/strong>. Teniendo presente C\u00d3MO conseguimos los contratos, C\u00d3MO hacemos nuestro trabajo, C\u00d3MO conseguimos el beneficio.&nbsp;<strong>La \u00c9TICA es uno de los pilares en nuestra forma de hacer empresa, porque actuaciones individuales pueden tener influencia sobre colectivos.<\/strong><\/p>","protected":false},"excerpt":{"rendered":"<p>El cuarto aspecto clave de la responsabilidad social es C\u00d3MO se consiguen los beneficios. La primera responsabilidad de una empresa es obtener un beneficio, pero no s\u00f3lo econ\u00f3mico, sino tambi\u00e9n cuantificable en t\u00e9rminos de reputaci\u00f3n, imagen, calidad, etc. Por eso la direcci\u00f3n de Acusmed creemos que ganar dinero no es la \u00fanica responsabilidad de nuestra [&hellip;]<\/p>\n","protected":false},"author":1,"featured_media":0,"parent":0,"menu_order":0,"comment_status":"closed","ping_status":"closed","template":"","meta":{"_genesis_hide_title":false,"_genesis_hide_breadcrumbs":false,"_genesis_hide_singular_image":false,"_genesis_hide_footer_widgets":false,"_genesis_custom_body_class":"","_genesis_custom_post_class":"","_genesis_layout":"","footnotes":""},"class_list":{"0":"post-123","1":"page","2":"type-page","3":"status-publish","5":"entry"},"_links":{"self":[{"href":"https:\/\/acusmed.com\/en\/wp-json\/wp\/v2\/pages\/123","targetHints":{"allow":["GET"]}}],"collection":[{"href":"https:\/\/acusmed.com\/en\/wp-json\/wp\/v2\/pages"}],"about":[{"href":"https:\/\/acusmed.com\/en\/wp-json\/wp\/v2\/types\/page"}],"author":[{"embeddable":true,"href":"https:\/\/acusmed.com\/en\/wp-json\/wp\/v2\/users\/1"}],"replies":[{"embeddable":true,"href":"https:\/\/acusmed.com\/en\/wp-json\/wp\/v2\/comments?post=123"}],"version-history":[{"count":2,"href":"https:\/\/acusmed.com\/en\/wp-json\/wp\/v2\/pages\/123\/revisions"}],"predecessor-version":[{"id":135,"href":"https:\/\/acusmed.com\/en\/wp-json\/wp\/v2\/pages\/123\/revisions\/135"}],"wp:attachment":[{"href":"https:\/\/acusmed.com\/en\/wp-json\/wp\/v2\/media?parent=123"}],"curies":[{"name":"wp","href":"https:\/\/api.w.org\/{rel}","templated":true}]}}