{"id":136,"date":"2021-06-14T17:32:44","date_gmt":"2021-06-14T15:32:44","guid":{"rendered":"https:\/\/acusmed.com\/?page_id=136"},"modified":"2021-06-15T12:04:56","modified_gmt":"2021-06-15T10:04:56","slug":"sostenibilidad","status":"publish","type":"page","link":"https:\/\/acusmed.com\/en\/sostenibilidad\/","title":{"rendered":"Sustainability"},"content":{"rendered":"<div class=\"wp-block-columns is-layout-flex wp-container-core-columns-is-layout-9d6595d7 wp-block-columns-is-layout-flex\">\n<div class=\"wp-block-column is-layout-flow wp-block-column-is-layout-flow\">\n<figure class=\"wp-block-image size-full\"><img loading=\"lazy\" decoding=\"async\" width=\"442\" height=\"400\" src=\"https:\/\/acusmed.com\/wp-content\/uploads\/sostenibilidad-big.jpg\" alt=\"\" class=\"wp-image-151\" srcset=\"https:\/\/acusmed.com\/wp-content\/uploads\/sostenibilidad-big.jpg 442w, https:\/\/acusmed.com\/wp-content\/uploads\/sostenibilidad-big-300x271.jpg 300w, https:\/\/acusmed.com\/wp-content\/uploads\/sostenibilidad-big-13x12.jpg 13w\" sizes=\"auto, (max-width: 442px) 100vw, 442px\" \/><\/figure>\n<\/div>\n\n\n\n<div class=\"wp-block-column is-layout-flow wp-block-column-is-layout-flow\">\n<p class=\"translation-block\">Diagnosis and strategic sustainability plans.\n<br \/>SR Communication plans.\n<br \/>Reputation Capital studies.\n<br \/>Reputation Capital studies in social networks.\n<br \/>Equality Plans.\n<br \/>Comprehensive Diagnosis initial situation in RS. Identification and transparent communication with stakeholders of the organization.\n<br \/>Approach to RS strategy.\n<br \/>Assistance in drafting sustainability reports (GRI), Progress Reports (Global Compact).\n<br \/>Investment Advice to the Community\n<br \/>RS Monitoring Service\n<br \/>SA8000 audits in emerging countries\n<br \/>Responsible management of the supply chain\n<br \/>Other services: reporting, subject guides and manuals on SR. Development and design of the SR communication plans (internal and external).<\/p>\n\n\n\n<figure class=\"wp-block-image size-large\"><img loading=\"lazy\" decoding=\"async\" width=\"1024\" height=\"515\" src=\"https:\/\/acusmed.com\/wp-content\/uploads\/metodologia_sost_ing.png\" alt=\"\" class=\"wp-image-153\" srcset=\"https:\/\/acusmed.com\/wp-content\/uploads\/metodologia_sost_ing.png 1315w, https:\/\/acusmed.com\/wp-content\/uploads\/metodologia_sost_ing-300x201.png 300w, https:\/\/acusmed.com\/wp-content\/uploads\/metodologia_sost_ing-1024x687.png 1024w, https:\/\/acusmed.com\/wp-content\/uploads\/metodologia_sost_ing-768x515.png 768w, https:\/\/acusmed.com\/wp-content\/uploads\/metodologia_sost_ing-16x12.png 16w\" sizes=\"auto, (max-width: 1024px) 100vw, 1024px\" \/><\/figure>\n<\/div>\n<\/div>","protected":false},"excerpt":{"rendered":"<p>Te ayudamos en tu viaje a la sostenibilidad. Es un viaje interesante, porque ser sostenible implica ser eficiente, ahorrar recursos y cuantificar beneficios no s\u00f3lo econ\u00f3micos, sino tambi\u00e9n ambientales y sociales. En este \u00e1rea ofrecemos servicios de consultor\u00eda especializada en Responsabilidad Social Empresarial (RSE) y Sostenibilidad, para acompa\u00f1ar a las empresas en su evoluci\u00f3n hacia [&hellip;]<\/p>\n","protected":false},"author":1,"featured_media":210,"parent":0,"menu_order":0,"comment_status":"closed","ping_status":"closed","template":"","meta":{"_genesis_hide_title":false,"_genesis_hide_breadcrumbs":false,"_genesis_hide_singular_image":false,"_genesis_hide_footer_widgets":false,"_genesis_custom_body_class":"","_genesis_custom_post_class":"","_genesis_layout":"","footnotes":""},"class_list":{"0":"post-136","1":"page","2":"type-page","3":"status-publish","4":"has-post-thumbnail","6":"entry"},"_links":{"self":[{"href":"https:\/\/acusmed.com\/en\/wp-json\/wp\/v2\/pages\/136","targetHints":{"allow":["GET"]}}],"collection":[{"href":"https:\/\/acusmed.com\/en\/wp-json\/wp\/v2\/pages"}],"about":[{"href":"https:\/\/acusmed.com\/en\/wp-json\/wp\/v2\/types\/page"}],"author":[{"embeddable":true,"href":"https:\/\/acusmed.com\/en\/wp-json\/wp\/v2\/users\/1"}],"replies":[{"embeddable":true,"href":"https:\/\/acusmed.com\/en\/wp-json\/wp\/v2\/comments?post=136"}],"version-history":[{"count":7,"href":"https:\/\/acusmed.com\/en\/wp-json\/wp\/v2\/pages\/136\/revisions"}],"predecessor-version":[{"id":163,"href":"https:\/\/acusmed.com\/en\/wp-json\/wp\/v2\/pages\/136\/revisions\/163"}],"wp:featuredmedia":[{"embeddable":true,"href":"https:\/\/acusmed.com\/en\/wp-json\/wp\/v2\/media\/210"}],"wp:attachment":[{"href":"https:\/\/acusmed.com\/en\/wp-json\/wp\/v2\/media?parent=136"}],"curies":[{"name":"wp","href":"https:\/\/api.w.org\/{rel}","templated":true}]}}