{"id":138,"date":"2021-06-14T17:33:00","date_gmt":"2021-06-14T15:33:00","guid":{"rendered":"https:\/\/acusmed.com\/?page_id=138"},"modified":"2021-06-15T12:01:54","modified_gmt":"2021-06-15T10:01:54","slug":"acustica","status":"publish","type":"page","link":"https:\/\/acusmed.com\/en\/acustica\/","title":{"rendered":"Acoustics"},"content":{"rendered":"<div class=\"wp-block-image\"><figure class=\"alignleft size-large\"><img loading=\"lazy\" decoding=\"async\" width=\"307\" height=\"278\" src=\"https:\/\/acusmed.com\/wp-content\/uploads\/acustica-big.jpg\" alt=\"\" class=\"wp-image-165\" srcset=\"https:\/\/acusmed.com\/wp-content\/uploads\/acustica-big.jpg 307w, https:\/\/acusmed.com\/wp-content\/uploads\/acustica-big-300x272.jpg 300w, https:\/\/acusmed.com\/wp-content\/uploads\/acustica-big-13x12.jpg 13w\" sizes=\"auto, (max-width: 307px) 100vw, 307px\" \/><\/figure><\/div>\n\n\n\n<p class=\"translation-block\">MEASUREMENTS\n<ol>\n<li>Environmental noise measurements (ENAC)<\/li>\n<li>Vibration measurement<\/li>\n<li>Checking soundproofing<\/li>\n<\/ol>\n<p>\nPREDICTION STUDIES\n<br>\n<b>Sound Maps<\/b>: noise levels can be calculated in receiver points instead of being measured. They are useful tools for predicting <b>industrial noise, road and rail infrastructures noise<\/b> that have not yet been built (noise impact) or to break up between the measured noise and the background noise.<\/p><\/p>\n\n\n\n<p class=\"translation-block\">Realizamos todo tipo de mediciones de ruido ambiental as\u00ed como la modelizaci\u00f3n inform\u00e1tica de situaciones ac\u00fasticas (empleando t\u00e9cnicas como la elaboraci\u00f3n de mapas sonoros con curvas is\u00f3fonas;  o la <b>identificaci\u00f3n avanzada de focos sonoros<\/b>) para empresas y organismos p\u00fablicos. Una de las ventajas de este tipo de estudios avanzados es la posibilidad de modelizar o caracterizar mediante t\u00e9cnicas avanzadas el ruido producido exclusivamente por un foco o instalaci\u00f3n, eliminando el resto de fuentes sonoras del entorno, situaci\u00f3n que no se puede estudiar s\u00f3lo con la medici\u00f3n del son\u00f3metro.<\/p>\n\n\n\n<p class=\"translation-block\">Estamos <strong>acreditados por ENAC (Entidad Nacional de Acreditaci\u00f3n) para la medici\u00f3n de ruido ambiental, seg\u00fan la Norma internacional ISO 17.025, lo cual implica un exhaustivo control de calidad<\/strong>. Si deseas consultar nuestra acreditaci\u00f3n puedes hacerlo en el apartado de \u00abAcreditaciones y Certificados\u00bb o en la p\u00e1gina web de ENAC.<\/p>\n\n\n\n<figure class=\"wp-block-image size-large\"><img loading=\"lazy\" decoding=\"async\" width=\"1024\" height=\"551\" src=\"https:\/\/acusmed.com\/wp-content\/uploads\/metodologia_ruido_ingles.png\" alt=\"\" class=\"wp-image-166\" srcset=\"https:\/\/acusmed.com\/wp-content\/uploads\/metodologia_ruido_ingles.png 1561w, https:\/\/acusmed.com\/wp-content\/uploads\/metodologia_ruido_ingles-300x161.png 300w, https:\/\/acusmed.com\/wp-content\/uploads\/metodologia_ruido_ingles-1024x551.png 1024w, https:\/\/acusmed.com\/wp-content\/uploads\/metodologia_ruido_ingles-768x413.png 768w, https:\/\/acusmed.com\/wp-content\/uploads\/metodologia_ruido_ingles-1536x827.png 1536w, https:\/\/acusmed.com\/wp-content\/uploads\/metodologia_ruido_ingles-16x9.png 16w\" sizes=\"auto, (max-width: 1024px) 100vw, 1024px\" \/><\/figure>","protected":false},"excerpt":{"rendered":"<p>Fuimos la primera empresa asturiana en realizar mapas sonoros con curvas is\u00f3fonas. \u00bfQu\u00e9 es eso? pues eso nos da la posibilidad de predecir niveles sonoros de infraestructuras viarias y todo tipo de instalaciones industriales, mediante modelos inform\u00e1ticos, incluso antes de ser construidas. Realizamos todo tipo de mediciones de ruido ambiental as\u00ed como la modelizaci\u00f3n inform\u00e1tica [&hellip;]<\/p>\n","protected":false},"author":1,"featured_media":207,"parent":0,"menu_order":0,"comment_status":"closed","ping_status":"closed","template":"","meta":{"_genesis_hide_title":false,"_genesis_hide_breadcrumbs":false,"_genesis_hide_singular_image":false,"_genesis_hide_footer_widgets":false,"_genesis_custom_body_class":"","_genesis_custom_post_class":"","_genesis_layout":"","footnotes":""},"class_list":{"0":"post-138","1":"page","2":"type-page","3":"status-publish","4":"has-post-thumbnail","6":"entry"},"_links":{"self":[{"href":"https:\/\/acusmed.com\/en\/wp-json\/wp\/v2\/pages\/138","targetHints":{"allow":["GET"]}}],"collection":[{"href":"https:\/\/acusmed.com\/en\/wp-json\/wp\/v2\/pages"}],"about":[{"href":"https:\/\/acusmed.com\/en\/wp-json\/wp\/v2\/types\/page"}],"author":[{"embeddable":true,"href":"https:\/\/acusmed.com\/en\/wp-json\/wp\/v2\/users\/1"}],"replies":[{"embeddable":true,"href":"https:\/\/acusmed.com\/en\/wp-json\/wp\/v2\/comments?post=138"}],"version-history":[{"count":4,"href":"https:\/\/acusmed.com\/en\/wp-json\/wp\/v2\/pages\/138\/revisions"}],"predecessor-version":[{"id":170,"href":"https:\/\/acusmed.com\/en\/wp-json\/wp\/v2\/pages\/138\/revisions\/170"}],"wp:featuredmedia":[{"embeddable":true,"href":"https:\/\/acusmed.com\/en\/wp-json\/wp\/v2\/media\/207"}],"wp:attachment":[{"href":"https:\/\/acusmed.com\/en\/wp-json\/wp\/v2\/media?parent=138"}],"curies":[{"name":"wp","href":"https:\/\/api.w.org\/{rel}","templated":true}]}}