{"id":140,"date":"2021-06-14T17:33:13","date_gmt":"2021-06-14T15:33:13","guid":{"rendered":"https:\/\/acusmed.com\/?page_id=140"},"modified":"2021-06-15T12:04:15","modified_gmt":"2021-06-15T10:04:15","slug":"consultoria","status":"publish","type":"page","link":"https:\/\/acusmed.com\/en\/consultoria\/","title":{"rendered":"Consultancy"},"content":{"rendered":"<div class=\"wp-block-image\"><figure class=\"alignleft size-large\"><img loading=\"lazy\" decoding=\"async\" width=\"442\" height=\"299\" src=\"https:\/\/acusmed.com\/wp-content\/uploads\/consultoria2.jpg\" alt=\"\" class=\"wp-image-172\" srcset=\"https:\/\/acusmed.com\/wp-content\/uploads\/consultoria2.jpg 442w, https:\/\/acusmed.com\/wp-content\/uploads\/consultoria2-300x203.jpg 300w, https:\/\/acusmed.com\/wp-content\/uploads\/consultoria2-16x12.jpg 16w\" sizes=\"auto, (max-width: 442px) 100vw, 442px\" \/><\/figure><\/div>\n\n\n\n<p class=\"translation-block\"><b>Waste management: <\/b>Advice on advanced specific treatments\n<br \/>\n\t<b>Implementation of management systems: <\/b>ISO 9001, 14001and EMAS, ISO 45.001, ISO 27001, SR10, ecodesign, I + D + i\n<br \/>\n\t<b>Carbon Footprint, Water Footprint <\/b>\n<br \/>\n\t<b>Internal <\/b>quality <b>audits,<\/b> ISO 45.001, Environment\n<br \/>\n\t<b>Energy audits<\/b>\n<br \/>\n\t<b>Efficiency energy management <\/b>\n<br \/>\n\t<b>Second-party audits <\/b>\n<br \/>\n\t<b>Environmental audits with proposals for improvement in foreign countries <\/b>\n<br \/>\n\t<b>Advice on <\/b>aplicable <b>legislation<\/b>\n<br \/>\n\t<b>Environmental legal and administrative procedures <\/b>(AAI, licenses, waste ...)<\/p>\n\n\n\n<p>Ofrecemos tambi\u00e9n servicios de consultor\u00eda en las \u00e1reas de Calidad, Seguidad y Salud en el Trabajo, Sistemas de Seguridad de la Informaci\u00f3n etc. Vamos ampliando nuestra cartera de servicios seg\u00fan las novedades que van apareciendo. Nos estamos formando de manera continua, en b\u00fasqueda de las \u00faltimas tendencias de gesti\u00f3n excelente.<\/p>\n\n\n\n<p class=\"translation-block\">Los trabajos que ejecutamos los hacemos con la confianza del conocimiento y la experiencia. <strong>All\u00ed donde no llegamos, cooperamos con empresas colaboradoras<\/strong>.<\/p>\n\n\n\n<p class=\"translation-block\">En lo relativo a la <strong>gesti\u00f3n de residuos, ofrecemos asesoramiento en tratamientos espec\u00edficos avanzados<\/strong>.<\/p>\n\n\n\n<div class=\"wp-block-image\"><figure class=\"aligncenter size-full\"><img loading=\"lazy\" decoding=\"async\" width=\"514\" height=\"259\" src=\"https:\/\/acusmed.com\/wp-content\/uploads\/metodologia_cons_ingl.png\" alt=\"\" class=\"wp-image-175\" srcset=\"https:\/\/acusmed.com\/wp-content\/uploads\/metodologia_cons_ingl.png 1291w, https:\/\/acusmed.com\/wp-content\/uploads\/metodologia_cons_ingl-300x203.png 300w, https:\/\/acusmed.com\/wp-content\/uploads\/metodologia_cons_ingl-1024x692.png 1024w, https:\/\/acusmed.com\/wp-content\/uploads\/metodologia_cons_ingl-768x519.png 768w, https:\/\/acusmed.com\/wp-content\/uploads\/metodologia_cons_ingl-16x12.png 16w\" sizes=\"auto, (max-width: 514px) 100vw, 514px\" \/><\/figure><\/div>","protected":false},"excerpt":{"rendered":"<p>Queremos ser su Departamento de Medio Ambiente y que se despreocupe de la gesti\u00f3n ambiental en su empresa. Disponemos de personal cualificado y con experiencia para trabajar como \u00absu Responsable de Medio Ambiente\u00bb. Ofrecemos tambi\u00e9n servicios de consultor\u00eda en las \u00e1reas de Calidad, Seguidad y Salud en el Trabajo, Sistemas de Seguridad de la Informaci\u00f3n [&hellip;]<\/p>\n","protected":false},"author":1,"featured_media":208,"parent":0,"menu_order":0,"comment_status":"closed","ping_status":"closed","template":"","meta":{"_genesis_hide_title":false,"_genesis_hide_breadcrumbs":false,"_genesis_hide_singular_image":false,"_genesis_hide_footer_widgets":false,"_genesis_custom_body_class":"","_genesis_custom_post_class":"","_genesis_layout":"","footnotes":""},"class_list":{"0":"post-140","1":"page","2":"type-page","3":"status-publish","4":"has-post-thumbnail","6":"entry"},"_links":{"self":[{"href":"https:\/\/acusmed.com\/en\/wp-json\/wp\/v2\/pages\/140","targetHints":{"allow":["GET"]}}],"collection":[{"href":"https:\/\/acusmed.com\/en\/wp-json\/wp\/v2\/pages"}],"about":[{"href":"https:\/\/acusmed.com\/en\/wp-json\/wp\/v2\/types\/page"}],"author":[{"embeddable":true,"href":"https:\/\/acusmed.com\/en\/wp-json\/wp\/v2\/users\/1"}],"replies":[{"embeddable":true,"href":"https:\/\/acusmed.com\/en\/wp-json\/wp\/v2\/comments?post=140"}],"version-history":[{"count":3,"href":"https:\/\/acusmed.com\/en\/wp-json\/wp\/v2\/pages\/140\/revisions"}],"predecessor-version":[{"id":176,"href":"https:\/\/acusmed.com\/en\/wp-json\/wp\/v2\/pages\/140\/revisions\/176"}],"wp:featuredmedia":[{"embeddable":true,"href":"https:\/\/acusmed.com\/en\/wp-json\/wp\/v2\/media\/208"}],"wp:attachment":[{"href":"https:\/\/acusmed.com\/en\/wp-json\/wp\/v2\/media?parent=140"}],"curies":[{"name":"wp","href":"https:\/\/api.w.org\/{rel}","templated":true}]}}