{"id":142,"date":"2021-06-14T17:33:27","date_gmt":"2021-06-14T15:33:27","guid":{"rendered":"https:\/\/acusmed.com\/?page_id=142"},"modified":"2021-06-15T12:04:39","modified_gmt":"2021-06-15T10:04:39","slug":"formacion","status":"publish","type":"page","link":"https:\/\/acusmed.com\/en\/formacion\/","title":{"rendered":"Trayning"},"content":{"rendered":"<div class=\"wp-block-image\"><figure class=\"alignleft size-large\"><img loading=\"lazy\" decoding=\"async\" width=\"442\" height=\"400\" src=\"https:\/\/acusmed.com\/wp-content\/uploads\/formacion2.jpg\" alt=\"\" class=\"wp-image-178\" srcset=\"https:\/\/acusmed.com\/wp-content\/uploads\/formacion2.jpg 442w, https:\/\/acusmed.com\/wp-content\/uploads\/formacion2-300x271.jpg 300w, https:\/\/acusmed.com\/wp-content\/uploads\/formacion2-13x12.jpg 13w\" sizes=\"auto, (max-width: 442px) 100vw, 442px\" \/><\/figure><\/div>\n\n\n\n<p class=\"translation-block\">Preparation courses tailored to each customer\n<br>Training \"in company\" and outside the company\n<br>Workshops\n<br>Training on line: e-learning in English\n<br>E-learning with simultaneous translation in German, Chinese, Portuguese and Italian\n<br>Environmental awareness courses on management systems, acoustics, sustainability, Carbon Footprint.<\/p>\n\n\n\n<p>Disponemos de un aula en las oficinas donde realizamos jornadas para grupos reducidos, aunque tambi\u00e9n impartimos formaci\u00f3n en las instalaciones de nuestros clientes.<\/p>\n\n\n\n<p>Nuestra oferta formativa no est\u00e1 predeterminada, pero a modo de ejemplo, es la siguiente:<\/p>\n\n\n\n<div class=\"wp-block-image\"><figure class=\"aligncenter size-large\"><img loading=\"lazy\" decoding=\"async\" width=\"1024\" height=\"523\" src=\"https:\/\/acusmed.com\/wp-content\/uploads\/cursos_ingles.png\" alt=\"\" class=\"wp-image-182\" srcset=\"https:\/\/acusmed.com\/wp-content\/uploads\/cursos_ingles.png 1302w, https:\/\/acusmed.com\/wp-content\/uploads\/cursos_ingles-300x254.png 300w, https:\/\/acusmed.com\/wp-content\/uploads\/cursos_ingles-1024x868.png 1024w, https:\/\/acusmed.com\/wp-content\/uploads\/cursos_ingles-768x651.png 768w, https:\/\/acusmed.com\/wp-content\/uploads\/cursos_ingles-14x12.png 14w\" sizes=\"auto, (max-width: 1024px) 100vw, 1024px\" \/><\/figure><\/div>\n\n\n\n<div class=\"wp-block-image\"><figure class=\"aligncenter size-large\"><img loading=\"lazy\" decoding=\"async\" width=\"1024\" height=\"628\" src=\"https:\/\/acusmed.com\/wp-content\/uploads\/metodologia_for_eng.png\" alt=\"\" class=\"wp-image-183\" srcset=\"https:\/\/acusmed.com\/wp-content\/uploads\/metodologia_for_eng.png 1291w, https:\/\/acusmed.com\/wp-content\/uploads\/metodologia_for_eng-300x184.png 300w, https:\/\/acusmed.com\/wp-content\/uploads\/metodologia_for_eng-1024x628.png 1024w, https:\/\/acusmed.com\/wp-content\/uploads\/metodologia_for_eng-768x471.png 768w, https:\/\/acusmed.com\/wp-content\/uploads\/metodologia_for_eng-16x10.png 16w\" sizes=\"auto, (max-width: 1024px) 100vw, 1024px\" \/><\/figure><\/div>","protected":false},"excerpt":{"rendered":"<p>Impartimos formaci\u00f3n tanto para empresas como para organismos p\u00fablicos, y particulares en las modalidades presenciales y on line. Somos expertos en la preparaci\u00f3n de cursos \u201ca medida\u201d, trabajando con nuestros clientes para alcanzar sus expectativas y fijar los objetivos a cumplir en cada curso. Disponemos de un aula en las oficinas donde realizamos jornadas para [&hellip;]<\/p>\n","protected":false},"author":1,"featured_media":209,"parent":0,"menu_order":0,"comment_status":"closed","ping_status":"closed","template":"","meta":{"_genesis_hide_title":false,"_genesis_hide_breadcrumbs":false,"_genesis_hide_singular_image":false,"_genesis_hide_footer_widgets":false,"_genesis_custom_body_class":"","_genesis_custom_post_class":"","_genesis_layout":"","footnotes":""},"class_list":{"0":"post-142","1":"page","2":"type-page","3":"status-publish","4":"has-post-thumbnail","6":"entry"},"_links":{"self":[{"href":"https:\/\/acusmed.com\/en\/wp-json\/wp\/v2\/pages\/142","targetHints":{"allow":["GET"]}}],"collection":[{"href":"https:\/\/acusmed.com\/en\/wp-json\/wp\/v2\/pages"}],"about":[{"href":"https:\/\/acusmed.com\/en\/wp-json\/wp\/v2\/types\/page"}],"author":[{"embeddable":true,"href":"https:\/\/acusmed.com\/en\/wp-json\/wp\/v2\/users\/1"}],"replies":[{"embeddable":true,"href":"https:\/\/acusmed.com\/en\/wp-json\/wp\/v2\/comments?post=142"}],"version-history":[{"count":5,"href":"https:\/\/acusmed.com\/en\/wp-json\/wp\/v2\/pages\/142\/revisions"}],"predecessor-version":[{"id":186,"href":"https:\/\/acusmed.com\/en\/wp-json\/wp\/v2\/pages\/142\/revisions\/186"}],"wp:featuredmedia":[{"embeddable":true,"href":"https:\/\/acusmed.com\/en\/wp-json\/wp\/v2\/media\/209"}],"wp:attachment":[{"href":"https:\/\/acusmed.com\/en\/wp-json\/wp\/v2\/media?parent=142"}],"curies":[{"name":"wp","href":"https:\/\/api.w.org\/{rel}","templated":true}]}}