{"id":144,"date":"2021-06-14T17:33:41","date_gmt":"2021-06-14T15:33:41","guid":{"rendered":"https:\/\/acusmed.com\/?page_id=144"},"modified":"2021-06-15T11:06:21","modified_gmt":"2021-06-15T09:06:21","slug":"otros-servicios","status":"publish","type":"page","link":"https:\/\/acusmed.com\/en\/otros-servicios\/","title":{"rendered":"Other services"},"content":{"rendered":"<div class=\"wp-block-image\"><figure class=\"alignleft size-large\"><img loading=\"lazy\" decoding=\"async\" width=\"442\" height=\"332\" src=\"https:\/\/acusmed.com\/wp-content\/uploads\/margarita.jpg\" alt=\"\" class=\"wp-image-189\" srcset=\"https:\/\/acusmed.com\/wp-content\/uploads\/margarita.jpg 442w, https:\/\/acusmed.com\/wp-content\/uploads\/margarita-300x225.jpg 300w, https:\/\/acusmed.com\/wp-content\/uploads\/margarita-16x12.jpg 16w\" sizes=\"auto, (max-width: 442px) 100vw, 442px\" \/><\/figure><\/div>\n\n\n\n<p>One of our beginning is \" to do what we can do well \". The areas of knowledge that we work (quality, sustainability) are very transverse, so that after the implantation of a qualit system there can arise the need to realize, for example, a survey of labor climate. Because of it, since we know that there are topics in which we are not expert, we have surrounded ourselves with a group of professionals across which we give service to our clients in those complementary areas to our tabajo of consultancy, sustainability, acoustics and training.\n<p>\nTrough our collaborators' network we offer:\n<ul>\n<li>environmental Measurements additional to the acoustics (atmosphere, residues, spillages, soils, etc)<\/li>\n<li>strategic Consultancy: persons' management, plans of communication, etc<\/li>\n<li>food Security<\/li>\n<\/ul>\t\n<\/p><\/p>\n\n\n\n<p>Por eso, como sabemos que hay temas en los que no somos expertos, nos hemos rodeado de un grupo de profesionales a trav\u00e9s de los cuales damos servicio a nuestros clientes en aquellas \u00e1reas complementarias a nuestro tabajo de consultor\u00eda, sostenibilidad, ac\u00fastica y formaci\u00f3n.<\/p>\n\n\n\n<p>A trav\u00e9s de nuestra red de colaboradores ofrecemos:<\/p>\n\n\n\n<ul class=\"wp-block-list\"><li>Mediciones ambientales adicionales a las ac\u00fasticas (atm\u00f3sfera, residuos, vertidos, suelos, etc)<\/li><li>Consultor\u00eda estrat\u00e9gica: gesti\u00f3n de personas, planes de comunicaci\u00f3n, etc<\/li><li>Seguridad alimentaria<\/li><\/ul>","protected":false},"excerpt":{"rendered":"<p>Uno de nuestros principios es \u00abhacer lo que sabemos hacer bien\u00bb. Las \u00e1reas de conocimiento que trabajamos (calidad, sostenibilidad) son muy transversales, de forma que tras la implantaci\u00f3n de un sistema de calidad puede surgir la necesidad de realizar, por ejemplo, una encuesta de clima laboral. Por eso, como sabemos que hay temas en los [&hellip;]<\/p>\n","protected":false},"author":1,"featured_media":0,"parent":0,"menu_order":0,"comment_status":"closed","ping_status":"closed","template":"","meta":{"_genesis_hide_title":false,"_genesis_hide_breadcrumbs":false,"_genesis_hide_singular_image":false,"_genesis_hide_footer_widgets":false,"_genesis_custom_body_class":"","_genesis_custom_post_class":"","_genesis_layout":"","footnotes":""},"class_list":{"0":"post-144","1":"page","2":"type-page","3":"status-publish","5":"entry"},"_links":{"self":[{"href":"https:\/\/acusmed.com\/en\/wp-json\/wp\/v2\/pages\/144","targetHints":{"allow":["GET"]}}],"collection":[{"href":"https:\/\/acusmed.com\/en\/wp-json\/wp\/v2\/pages"}],"about":[{"href":"https:\/\/acusmed.com\/en\/wp-json\/wp\/v2\/types\/page"}],"author":[{"embeddable":true,"href":"https:\/\/acusmed.com\/en\/wp-json\/wp\/v2\/users\/1"}],"replies":[{"embeddable":true,"href":"https:\/\/acusmed.com\/en\/wp-json\/wp\/v2\/comments?post=144"}],"version-history":[{"count":2,"href":"https:\/\/acusmed.com\/en\/wp-json\/wp\/v2\/pages\/144\/revisions"}],"predecessor-version":[{"id":190,"href":"https:\/\/acusmed.com\/en\/wp-json\/wp\/v2\/pages\/144\/revisions\/190"}],"wp:attachment":[{"href":"https:\/\/acusmed.com\/en\/wp-json\/wp\/v2\/media?parent=144"}],"curies":[{"name":"wp","href":"https:\/\/api.w.org\/{rel}","templated":true}]}}