{"id":17,"date":"2021-06-14T13:43:32","date_gmt":"2021-06-14T11:43:32","guid":{"rendered":"https:\/\/acusmed.com\/?page_id=17"},"modified":"2021-06-14T16:38:19","modified_gmt":"2021-06-14T14:38:19","slug":"equipo","status":"publish","type":"page","link":"https:\/\/acusmed.com\/en\/equipo\/","title":{"rendered":"Professional team"},"content":{"rendered":"<div class=\"wp-block-columns are-vertically-aligned-top is-layout-flex wp-container-core-columns-is-layout-9d6595d7 wp-block-columns-is-layout-flex\">\n<div class=\"wp-block-column is-vertically-aligned-top is-layout-flow wp-block-column-is-layout-flow\" style=\"flex-basis:33.33%\">\n<div class=\"wp-block-image block-visibility-hide-small-screen\"><figure class=\"aligncenter size-large\"><img loading=\"lazy\" decoding=\"async\" width=\"182\" height=\"442\" src=\"https:\/\/acusmed.com\/wp-content\/uploads\/servicios-vertical.jpg\" alt=\"\" class=\"wp-image-24\" srcset=\"https:\/\/acusmed.com\/wp-content\/uploads\/servicios-vertical.jpg 182w, https:\/\/acusmed.com\/wp-content\/uploads\/servicios-vertical-124x300.jpg 124w\" sizes=\"auto, (max-width: 182px) 100vw, 182px\" \/><\/figure><\/div>\n<\/div>\n\n\n\n<div class=\"wp-block-column is-vertically-aligned-top is-layout-flow wp-block-column-is-layout-flow\" style=\"flex-basis:66.66%\">\n<p>We are a company created in 2001, originally in the areas of acoustics and environmental consulting, which has evolved into other advanced consulting services, such as Social Responsibility, calculation of carbon or water footprint. Our staff is formed by professionals with more than 20 years of experience in the areas we work. 50% of the staff is composed by women.<\/p>\n\n\n\n<p>Headquarters in Avil\u00e9s (Asturias).<\/p>\n\n\n\n<p>Highly qualified technical staff and expert collaborators in various areas.<\/p>\n\n\n\n<p>Years of experience: Since 2001.<\/p>\n<\/div>\n<\/div>\n\n\n\n<h2 class=\"wp-block-heading\"><\/h2>","protected":false},"excerpt":{"rendered":"<p>Somos una empresa creada en 2001, originalmente en las \u00e1reas de ac\u00fastica y de consultor\u00eda ambiental, que ha evolucionado hacia otros servicios de consultor\u00eda avanzados, como la Responsabilidad Social, el c\u00e1lculo de la huella de carbono o h\u00eddrica. Nuestro equipo est\u00e1 formado por profesionales con m\u00e1s de 10 a\u00f1os de experiencia en las \u00e1reas que [&hellip;]<\/p>\n","protected":false},"author":1,"featured_media":0,"parent":0,"menu_order":0,"comment_status":"closed","ping_status":"closed","template":"","meta":{"_genesis_hide_title":false,"_genesis_hide_breadcrumbs":false,"_genesis_hide_singular_image":false,"_genesis_hide_footer_widgets":false,"_genesis_custom_body_class":"","_genesis_custom_post_class":"","_genesis_layout":"","footnotes":""},"class_list":{"0":"post-17","1":"page","2":"type-page","3":"status-publish","5":"entry"},"_links":{"self":[{"href":"https:\/\/acusmed.com\/en\/wp-json\/wp\/v2\/pages\/17","targetHints":{"allow":["GET"]}}],"collection":[{"href":"https:\/\/acusmed.com\/en\/wp-json\/wp\/v2\/pages"}],"about":[{"href":"https:\/\/acusmed.com\/en\/wp-json\/wp\/v2\/types\/page"}],"author":[{"embeddable":true,"href":"https:\/\/acusmed.com\/en\/wp-json\/wp\/v2\/users\/1"}],"replies":[{"embeddable":true,"href":"https:\/\/acusmed.com\/en\/wp-json\/wp\/v2\/comments?post=17"}],"version-history":[{"count":9,"href":"https:\/\/acusmed.com\/en\/wp-json\/wp\/v2\/pages\/17\/revisions"}],"predecessor-version":[{"id":60,"href":"https:\/\/acusmed.com\/en\/wp-json\/wp\/v2\/pages\/17\/revisions\/60"}],"wp:attachment":[{"href":"https:\/\/acusmed.com\/en\/wp-json\/wp\/v2\/media?parent=17"}],"curies":[{"name":"wp","href":"https:\/\/api.w.org\/{rel}","templated":true}]}}