{"id":234,"date":"2021-06-16T09:48:01","date_gmt":"2021-06-16T07:48:01","guid":{"rendered":"https:\/\/acusmed.com\/?page_id=234"},"modified":"2024-05-08T10:37:37","modified_gmt":"2024-05-08T08:37:37","slug":"localizacion","status":"publish","type":"page","link":"https:\/\/acusmed.com\/en\/localizacion\/","title":{"rendered":"Location"},"content":{"rendered":"\n<div class=\"wp-block-columns is-layout-flex wp-container-core-columns-is-layout-9d6595d7 wp-block-columns-is-layout-flex\">\n<div class=\"wp-block-column is-layout-flow wp-block-column-is-layout-flow\">\t\t<div\n            id=\"wpmapblock_e4c91cd3\"\n            data-settings='{&quot;map_marker&quot;:[{&quot;lat&quot;:&quot;43.352608000000004&quot;,&quot;lng&quot;:&quot;-5.858963222096978&quot;,&quot;title&quot;:&quot;&quot;,&quot;content&quot;:&quot;&quot;,&quot;iconType&quot;:&quot;default&quot;,&quot;customIconUrl&quot;:&quot;&quot;,&quot;customIconWidth&quot;:&quot;25&quot;,&quot;customIconHeight&quot;:&quot;40&quot;}],&quot;map_zoom&quot;:&quot;14&quot;,&quot;scroll_wheel_zoom&quot;:false,&quot;map_type&quot;:&quot;GM&quot;,&quot;center_index&quot;:0}'\n            class=\"wpmapblockrender\"\n            style=\"\n\t\t\twidth: 100%;\n\t\t\theight: 500px;\n\t\t\"\n            >\n        <\/div>\n        <\/div>\n\n\n\n<div class=\"wp-block-column is-layout-flow wp-block-column-is-layout-flow\">\n<h3 class=\"wp-block-heading\">Nuestra oficina:<\/h3>\n\n\n\n<p>C\/ Cabranes n\u00ba 1; Montecerrao<br>33006, Oviedo, Asturias, Espa\u00f1a.<\/p>\n\n\n\n<p>T: <a href=\"tel:+34985514426\">(+34) 985 51 44 26<\/a><br><\/p>\n\n\n\n<h3 class=\"wp-block-heading\">Para atenderle personalmente:<\/h3>\n\n\n\n<p>Administraci\u00f3n y atenci\u00f3n al cliente:<br><a href=\"mailto:administracion@acusmed.com\">administracion@acusmed.com<\/a><\/p>\n\n\n\n<p>Direcci\u00f3n:<br><a href=\"mailto:pmc@acusmed.com\">pmc@acusmed.com<\/a><\/p>\n<\/div>\n<\/div>\n","protected":false},"excerpt":{"rendered":"<p>Nuestra oficina: C\/ Cabranes n\u00ba 1; Montecerrao33006, Oviedo, Asturias, Espa\u00f1a. T: (+34) 985 51 44 26 Para atenderle personalmente: Administraci\u00f3n y atenci\u00f3n al cliente:administracion@acusmed.com Direcci\u00f3n:pmc@acusmed.com<\/p>","protected":false},"author":1,"featured_media":0,"parent":0,"menu_order":0,"comment_status":"closed","ping_status":"closed","template":"","meta":{"_genesis_hide_title":false,"_genesis_hide_breadcrumbs":false,"_genesis_hide_singular_image":false,"_genesis_hide_footer_widgets":false,"_genesis_custom_body_class":"","_genesis_custom_post_class":"","_genesis_layout":"","footnotes":""},"class_list":{"0":"post-234","1":"page","2":"type-page","3":"status-publish","5":"entry"},"_links":{"self":[{"href":"https:\/\/acusmed.com\/en\/wp-json\/wp\/v2\/pages\/234","targetHints":{"allow":["GET"]}}],"collection":[{"href":"https:\/\/acusmed.com\/en\/wp-json\/wp\/v2\/pages"}],"about":[{"href":"https:\/\/acusmed.com\/en\/wp-json\/wp\/v2\/types\/page"}],"author":[{"embeddable":true,"href":"https:\/\/acusmed.com\/en\/wp-json\/wp\/v2\/users\/1"}],"replies":[{"embeddable":true,"href":"https:\/\/acusmed.com\/en\/wp-json\/wp\/v2\/comments?post=234"}],"version-history":[{"count":26,"href":"https:\/\/acusmed.com\/en\/wp-json\/wp\/v2\/pages\/234\/revisions"}],"predecessor-version":[{"id":584,"href":"https:\/\/acusmed.com\/en\/wp-json\/wp\/v2\/pages\/234\/revisions\/584"}],"wp:attachment":[{"href":"https:\/\/acusmed.com\/en\/wp-json\/wp\/v2\/media?parent=234"}],"curies":[{"name":"wp","href":"https:\/\/api.w.org\/{rel}","templated":true}]}}