{"id":39,"date":"2021-06-14T16:18:32","date_gmt":"2021-06-14T14:18:32","guid":{"rendered":"https:\/\/acusmed.com\/?page_id=39"},"modified":"2021-06-14T16:41:52","modified_gmt":"2021-06-14T14:41:52","slug":"politica-de-empresa","status":"publish","type":"page","link":"https:\/\/acusmed.com\/en\/politica-de-empresa\/","title":{"rendered":"Company policy"},"content":{"rendered":"<div class=\"wp-block-columns are-vertically-aligned-top is-layout-flex wp-container-core-columns-is-layout-9d6595d7 wp-block-columns-is-layout-flex\">\n<div class=\"wp-block-column is-vertically-aligned-top is-layout-flow wp-block-column-is-layout-flow\" style=\"flex-basis:33.33%\">\n<div class=\"wp-block-image block-visibility-hide-small-screen\"><figure class=\"aligncenter size-large\"><img loading=\"lazy\" decoding=\"async\" width=\"182\" height=\"442\" src=\"https:\/\/acusmed.com\/wp-content\/uploads\/servicios-vertical.jpg\" alt=\"\" class=\"wp-image-24\" srcset=\"https:\/\/acusmed.com\/wp-content\/uploads\/servicios-vertical.jpg 182w, https:\/\/acusmed.com\/wp-content\/uploads\/servicios-vertical-124x300.jpg 124w\" sizes=\"auto, (max-width: 182px) 100vw, 182px\" \/><\/figure><\/div>\n<\/div>\n\n\n\n<div class=\"wp-block-column is-vertically-aligned-top is-layout-flow wp-block-column-is-layout-flow\" style=\"flex-basis:66.66%\">\n<p class=\"translation-block\">In <b>Acusmed<\/b> the managerial ethics have been always the line directive for the accomplishment of our activity. Acting honestly is the form of which our clients, suppliers and workers \/ hard-working trust in us<\/p>\n\n\n\n<p class=\"translation-block\">We have a code of Conduct and Ethics of action that demonstrates our <b>commitment to continue working with honesty and professionalism<\/b>. Every member of the equipment is responsible for the fulfillment of these procedure, which basic props are the following ones:<\/p>\n\n\n\n<ul class=\"wp-block-list\"><li>Independence, impartiality and Integrity.<\/li><li>Fulfillment of laws, procedure and regulations.<\/li><li>Protection of the environment hospitalizes and externally.<\/li><li>Protection of the confidential information and another information reserved of Acusmed and that of our clients and suppliers.<\/li><li>Protection and suitable use of the goods of the company.<\/li><li>Treatment with respect of all the persons who are employed at Acusmed and of all his clients and suppliers.<\/li><li>Information and external faithful and veracious communication.<\/li><li>Ethical resolution of conflicts of interest.<\/li><li>Care of the image of company.<\/li><\/ul>\n\n\n\n<p>If something characterizes us in ACUSMED it is the transparency and the deep respect to the care and protection of the Human rights. We compromise ourselves publicly to:<\/p>\n\n\n\n<ul class=\"wp-block-list\"><li class=\"translation-block\">To promote and raise awareness of the principles of equal opportunities and respect for diversity inside of corporate values.<\/li><li class=\"translation-block\">To promote and raise awareness of the principles of equal opportunities and respect for diversity inside of corporate values.<\/li><li class=\"translation-block\">To promote the incorporation and labor integration, avoiding the discrimination especially in the processes of selection and professional promotion.<\/li><li class=\"translation-block\">To integrate the management of the diversity in all the policies of direction and to make our commitment extensible to all our environment.<\/li><li class=\"translation-block\">In the new incorporations to the company, to promote and to support the management of the diversity, the equality of opportunities man-to-man and women.<\/li><\/ul>\n<\/div>\n<\/div>","protected":false},"excerpt":{"rendered":"<p>En Acusmed la \u00e9tica empresarial ha sido siempre la l\u00ednea directriz para la realizaci\u00f3n de nuestra actividad. Actuar honestamente es la forma de que nuestros clientes, proveedores y trabajadores\/as conf\u00eden en nosotros. Disponemos de un c\u00f3digo de Conducta y \u00c9tica de actuaci\u00f3n que demuestra nuestro compromiso para seguir trabajando con honestidad y profesionalidad. Cada miembro [&hellip;]<\/p>\n","protected":false},"author":1,"featured_media":0,"parent":0,"menu_order":0,"comment_status":"closed","ping_status":"closed","template":"","meta":{"_genesis_hide_title":false,"_genesis_hide_breadcrumbs":false,"_genesis_hide_singular_image":false,"_genesis_hide_footer_widgets":false,"_genesis_custom_body_class":"","_genesis_custom_post_class":"","_genesis_layout":"","footnotes":""},"class_list":{"0":"post-39","1":"page","2":"type-page","3":"status-publish","5":"entry"},"_links":{"self":[{"href":"https:\/\/acusmed.com\/en\/wp-json\/wp\/v2\/pages\/39","targetHints":{"allow":["GET"]}}],"collection":[{"href":"https:\/\/acusmed.com\/en\/wp-json\/wp\/v2\/pages"}],"about":[{"href":"https:\/\/acusmed.com\/en\/wp-json\/wp\/v2\/types\/page"}],"author":[{"embeddable":true,"href":"https:\/\/acusmed.com\/en\/wp-json\/wp\/v2\/users\/1"}],"replies":[{"embeddable":true,"href":"https:\/\/acusmed.com\/en\/wp-json\/wp\/v2\/comments?post=39"}],"version-history":[{"count":4,"href":"https:\/\/acusmed.com\/en\/wp-json\/wp\/v2\/pages\/39\/revisions"}],"predecessor-version":[{"id":65,"href":"https:\/\/acusmed.com\/en\/wp-json\/wp\/v2\/pages\/39\/revisions\/65"}],"wp:attachment":[{"href":"https:\/\/acusmed.com\/en\/wp-json\/wp\/v2\/media?parent=39"}],"curies":[{"name":"wp","href":"https:\/\/api.w.org\/{rel}","templated":true}]}}