{"id":41,"date":"2021-06-14T16:17:20","date_gmt":"2021-06-14T14:17:20","guid":{"rendered":"https:\/\/acusmed.com\/?page_id=41"},"modified":"2021-06-14T16:42:21","modified_gmt":"2021-06-14T14:42:21","slug":"vision-mision-valores","status":"publish","type":"page","link":"https:\/\/acusmed.com\/en\/vision-mision-valores\/","title":{"rendered":"Vision, mission, values"},"content":{"rendered":"<div class=\"wp-block-columns are-vertically-aligned-top is-layout-flex wp-container-core-columns-is-layout-9d6595d7 wp-block-columns-is-layout-flex\">\n<div class=\"wp-block-column is-vertically-aligned-top is-layout-flow wp-block-column-is-layout-flow\" style=\"flex-basis:33.33%\">\n<div class=\"wp-block-image block-visibility-hide-small-screen\"><figure class=\"aligncenter size-large\"><img loading=\"lazy\" decoding=\"async\" width=\"306\" height=\"442\" src=\"https:\/\/acusmed.com\/wp-content\/uploads\/acusmed-arbol.jpg\" alt=\"\" class=\"wp-image-55\" srcset=\"https:\/\/acusmed.com\/wp-content\/uploads\/acusmed-arbol.jpg 306w, https:\/\/acusmed.com\/wp-content\/uploads\/acusmed-arbol-208x300.jpg 208w\" sizes=\"auto, (max-width: 306px) 100vw, 306px\" \/><\/figure><\/div>\n<\/div>\n\n\n\n<div class=\"wp-block-column is-vertically-aligned-top is-layout-flow wp-block-column-is-layout-flow\" style=\"flex-basis:66.66%\">\n<h2 class=\"wp-block-heading\">VISI\u00d3N<\/h2>\n\n\n\n<p>We innovate in the way we do business, to help our stakeholders to contribute to a change in the economic, environmental and social model.<\/p>\n\n\n\n<h2 class=\"wp-block-heading\">MISSION<\/h2>\n\n\n\n<p>As a consultancy, we strive every day to be more sustainable and help our clients to be sustainable as well, which implies efficiency in the use of resources, respect for people and business ethics. We adapt to each situation and to each client, in Spain or in any other country, in order to offer a quality service and to generate confidence and reliability through the fulfilment of our Values, which have been identified among all the people of Acusmed.<\/p>\n\n\n\n<h2 class=\"wp-block-heading\">VALUES<\/h2>\n\n\n\n<p>Identificamos los valores de la empresa, como frutos de un \u00e1rbol con una s\u00f3lida ra\u00edz que nos permite seguir creciendo de forma responsable:<\/p>\n\n\n\n<ul class=\"wp-block-list\"><li class=\"translation-block\">Providing services based on experience and not just theory<\/li><li class=\"translation-block\">Demonstrate our commitment and respect for people, the environment and society through responsible business model, coherent and focused on our stakeholders, especially our customers to achieve the maximum efficiency and sustainability.<\/li><\/ul>\n<\/div>\n<\/div>","protected":false},"excerpt":{"rendered":"<p>VISI\u00d3N Queremos innovar en la forma de hacer empresa y ayudar a nuestros grupos de inter\u00e9s en hacer posible un cambio en el modelo econ\u00f3mico, ambiental y social. MISI\u00d3N Como consultor\u00eda caminamos para ser cada d\u00eda m\u00e1s sostenibles y ayudar a que nuestros clientes tambi\u00e9n lo sea, lo cual implica eficiencia en el uso de [&hellip;]<\/p>\n","protected":false},"author":1,"featured_media":0,"parent":0,"menu_order":0,"comment_status":"closed","ping_status":"closed","template":"","meta":{"_genesis_hide_title":false,"_genesis_hide_breadcrumbs":false,"_genesis_hide_singular_image":false,"_genesis_hide_footer_widgets":false,"_genesis_custom_body_class":"","_genesis_custom_post_class":"","_genesis_layout":"","footnotes":""},"class_list":{"0":"post-41","1":"page","2":"type-page","3":"status-publish","5":"entry"},"_links":{"self":[{"href":"https:\/\/acusmed.com\/en\/wp-json\/wp\/v2\/pages\/41","targetHints":{"allow":["GET"]}}],"collection":[{"href":"https:\/\/acusmed.com\/en\/wp-json\/wp\/v2\/pages"}],"about":[{"href":"https:\/\/acusmed.com\/en\/wp-json\/wp\/v2\/types\/page"}],"author":[{"embeddable":true,"href":"https:\/\/acusmed.com\/en\/wp-json\/wp\/v2\/users\/1"}],"replies":[{"embeddable":true,"href":"https:\/\/acusmed.com\/en\/wp-json\/wp\/v2\/comments?post=41"}],"version-history":[{"count":5,"href":"https:\/\/acusmed.com\/en\/wp-json\/wp\/v2\/pages\/41\/revisions"}],"predecessor-version":[{"id":66,"href":"https:\/\/acusmed.com\/en\/wp-json\/wp\/v2\/pages\/41\/revisions\/66"}],"wp:attachment":[{"href":"https:\/\/acusmed.com\/en\/wp-json\/wp\/v2\/media?parent=41"}],"curies":[{"name":"wp","href":"https:\/\/api.w.org\/{rel}","templated":true}]}}