{"id":43,"date":"2021-06-14T16:18:07","date_gmt":"2021-06-14T14:18:07","guid":{"rendered":"https:\/\/acusmed.com\/?page_id=43"},"modified":"2023-05-05T00:37:05","modified_gmt":"2023-05-04T22:37:05","slug":"acreditaciones-y-certificados","status":"publish","type":"page","link":"https:\/\/acusmed.com\/en\/acreditaciones-y-certificados\/","title":{"rendered":"Acreditations"},"content":{"rendered":"\n<div class=\"wp-block-columns is-layout-flex wp-container-core-columns-is-layout-9d6595d7 wp-block-columns-is-layout-flex\">\n<div class=\"wp-block-column is-layout-flow wp-block-column-is-layout-flow\">\n<figure class=\"wp-block-image size-large block-visibility-hide-small-screen\"><img loading=\"lazy\" decoding=\"async\" width=\"1024\" height=\"549\" src=\"https:\/\/acusmed.com\/wp-content\/uploads\/logos-web-1024x549.jpg\" alt=\"\" class=\"wp-image-524\" srcset=\"https:\/\/acusmed.com\/wp-content\/uploads\/logos-web-1024x549.jpg 1024w, https:\/\/acusmed.com\/wp-content\/uploads\/logos-web-300x161.jpg 300w, https:\/\/acusmed.com\/wp-content\/uploads\/logos-web-768x412.jpg 768w, https:\/\/acusmed.com\/wp-content\/uploads\/logos-web-18x10.jpg 18w, https:\/\/acusmed.com\/wp-content\/uploads\/logos-web.jpg 1153w\" sizes=\"auto, (max-width: 1024px) 100vw, 1024px\" \/><\/figure>\n<\/div>\n\n\n\n<div class=\"wp-block-column is-layout-flow wp-block-column-is-layout-flow\">\n<p><strong>Nos esforzamos en ofrecer la m\u00e1xima calidad en todos nuestros trabajos<\/strong>, por eso tenemos implantados sistemas de gesti\u00f3n de la calidad y el medio ambiente y disponemos de&nbsp;varios&nbsp;certificados y acreditaciones:<\/p>\n\n\n\n<ul class=\"wp-block-list\">\n<li><strong>Entidad acreditada por ENAC<\/strong> (Entidad Nacional de Acreditaci\u00f3n) de acuerdo a la norma UNE-EN\/ISO 17.025 (CGA-ENAC-LEC) para la medici\u00f3n de ruido ambiental. <a href=\"\/wp-content\/uploads\/ACREDITACION.pdf\" target=\"_blank\" rel=\"noreferrer noopener\">[Descargar en PDF]<\/a><\/li>\n\n\n\n<li><strong>ISO 14001:2015<\/strong>, Sistema de Gesti\u00f3n Ambiental, certificado por AENOR <a href=\"\/wp-content\/uploads\/ISO-14001-ACUSMED-13-07-2021.pdf\" target=\"_blank\" rel=\"noreferrer noopener\">[Descargar en PDF]<\/a><\/li>\n\n\n\n<li><strong>Entidad de Evaluaci\u00f3n Ac\u00fastica en la Comunidad de Castilla y Le\u00f3n<\/strong><\/li>\n\n\n\n<li><strong>ECA Nivel II en el Pa\u00eds Vasco<\/strong> (Entidad de Control Ambiental para la medici\u00f3n del ruido ambiental, nivel II)<\/li>\n\n\n\n<li><strong>ECA en la Comunidad Valenciana<\/strong> para la medici\u00f3n de ruido ambiental (n\u00famero de inscripci\u00f3n es el 109\/ECMCA)<\/li>\n\n\n\n<li><strong>ECCA en la Comunidad Aut\u00f3noma de Andaluc\u00eda <\/strong>(medici\u00f3n de ruido ambiental)<\/li>\n\n\n\n<li><strong>EC-PCA Catalu\u00f1a&nbsp;<\/strong>(medici\u00f3n de niveles sonoros) (&nbsp;079-EC-PCA)<\/li>\n\n\n\n<li><strong>ECA en Canarias <\/strong>(contaminaci\u00f3n ac\u00fastica)<\/li>\n<\/ul>\n<\/div>\n<\/div>\n","protected":false},"excerpt":{"rendered":"<p class=\"translation-block\">We strive to provide the highest quality in all our works, which is why we have implemented quality and environmental management systems and hold several certificates and accreditations:<\/p>","protected":false},"author":1,"featured_media":0,"parent":0,"menu_order":0,"comment_status":"closed","ping_status":"closed","template":"","meta":{"_genesis_hide_title":false,"_genesis_hide_breadcrumbs":false,"_genesis_hide_singular_image":false,"_genesis_hide_footer_widgets":false,"_genesis_custom_body_class":"","_genesis_custom_post_class":"","_genesis_layout":"","footnotes":""},"class_list":{"0":"post-43","1":"page","2":"type-page","3":"status-publish","5":"entry"},"_links":{"self":[{"href":"https:\/\/acusmed.com\/en\/wp-json\/wp\/v2\/pages\/43","targetHints":{"allow":["GET"]}}],"collection":[{"href":"https:\/\/acusmed.com\/en\/wp-json\/wp\/v2\/pages"}],"about":[{"href":"https:\/\/acusmed.com\/en\/wp-json\/wp\/v2\/types\/page"}],"author":[{"embeddable":true,"href":"https:\/\/acusmed.com\/en\/wp-json\/wp\/v2\/users\/1"}],"replies":[{"embeddable":true,"href":"https:\/\/acusmed.com\/en\/wp-json\/wp\/v2\/comments?post=43"}],"version-history":[{"count":7,"href":"https:\/\/acusmed.com\/en\/wp-json\/wp\/v2\/pages\/43\/revisions"}],"predecessor-version":[{"id":526,"href":"https:\/\/acusmed.com\/en\/wp-json\/wp\/v2\/pages\/43\/revisions\/526"}],"wp:attachment":[{"href":"https:\/\/acusmed.com\/en\/wp-json\/wp\/v2\/media?parent=43"}],"curies":[{"name":"wp","href":"https:\/\/api.w.org\/{rel}","templated":true}]}}