{"id":446,"date":"2021-06-16T17:41:07","date_gmt":"2021-06-16T15:41:07","guid":{"rendered":"https:\/\/acusmed.com\/?page_id=446"},"modified":"2024-05-07T18:50:10","modified_gmt":"2024-05-07T16:50:10","slug":"aviso-legal","status":"publish","type":"page","link":"https:\/\/acusmed.com\/en\/aviso-legal\/","title":{"rendered":"Aviso legal"},"content":{"rendered":"<p>Est\u00e1s en un espacio comprometido con los derechos de sus usuarios y por raz\u00f3n, tendr\u00e1s m\u00e1xima transparencia y rigor sobre todo que necesitas saber sobre esta web.<\/p>\n\n\n\n<p>Esta web cumple rigurosamente con la Ley Org\u00e1nica 3\/2018, de 5 de diciembre, de Protecci\u00f3n de Datos Personales y garant\u00eda de los derechos digitales (LOPDGDD). Cumple tambi\u00e9n con el Reglamento (UE) 2016\/679 del Parlamento Europeo y del Consejo de 27 de abril de 2016 relativo a la protecci\u00f3n de las personas f\u00edsicas (RGPD), as\u00ed como con la Ley 34\/2002, de 11 de julio, de Servicios de la Sociedad de la Informaci\u00f3n y Comercio Electr\u00f3nico (LSSICE o LSSI).<\/p>\n\n\n\n<p>Los servicios y\/o productos est\u00e1n disponibles s\u00f3lo para las personas jur\u00eddicas y las personas que tengan 16 a\u00f1os.<\/p>\n\n\n\n<h2 class=\"wp-block-heading\">Identificador del responsable de la web<\/h2>\n\n\n\n<p>Denominaci\u00f3n social: ACUSTICA Y MEDIO AMBIENTE SL.<br>CIF\/NIF: B74070681<br>Correo electr\u00f3nico: <a href=\"mailto:consultores@acusmed.com\">consultores@acusmed.com<\/a><br>Domicilio social: C\/ Cabranes, 1 &#8211; CP 33006 en Oviedo, Asturias, Espa\u00f1a<br>Su actividad social es: La consultor\u00eda ac\u00fastica y medioambiental, y la formaci\u00f3n y calidad de las mismas, de las empresas, administraci\u00f3n y particulares.<br>Inscrita en el registro mercantil de Asturias<\/p>\n\n\n\n<h2 class=\"wp-block-heading\">\u00bfTe preocupan tus datos personales?<\/h2>\n\n\n\n<p>Lee nuestra <a rel=\"noreferrer noopener\" href=\"\/en\/politica-privacidad\/\" target=\"_blank\">privacy policy<\/a>.<\/p>\n\n\n\n<h2 class=\"wp-block-heading\">Compromisos y obligaciones de los usuarios<\/h2>\n\n\n\n<p>El usuario queda informado, y acepta, que el acceso a la presente web no supone, en modo alguno, el inicio de una relaci\u00f3n comercial con <strong>Acusmed<\/strong>. De esta forma, el usuario se compromete a utilizar el sitio web, sus servicios y contenidos sin contravenir la legislaci\u00f3n vigente, la buena fe y el orden p\u00fablico.<\/p>\n\n\n\n<p>Queda prohibido el uso de la web, con fines il\u00edcitos o lesivos, o que, de cualquier forma, puedan causar perjuicio o impedir el normal funcionamiento del sitio web. Respecto de los contenidos de esta web, se proh\u00edbe:<\/p>\n\n\n\n<ul class=\"wp-block-list\">\n<li>Su reproducci\u00f3n, distribuci\u00f3n o modificaci\u00f3n, total o parcial, a menos que se cuente con mi autorizaci\u00f3n como leg\u00edtimo titular.<\/li>\n\n\n\n<li>Cualquier vulneraci\u00f3n de los derechos del prestador o de mi como leg\u00edtimo titular.<\/li>\n\n\n\n<li>Su utilizaci\u00f3n para fines comerciales o publicitarios.<\/li>\n<\/ul>\n\n\n\n<p>En la utilizaci\u00f3n de la web <a rel=\"noreferrer noopener\" href=\"https:\/\/acusmed.com\/en\/\" target=\"_blank\">www.acusmed.com<\/a> el usuario se compromete a no llevar a cabo ninguna conducta que pudiera da\u00f1ar la imagen, los intereses y los derechos de <strong>Acusmed <\/strong>o de terceros o que pudiera da\u00f1ar, inutilizar o sobrecargar el portal <a rel=\"noreferrer noopener\" href=\"https:\/\/acusmed.com\/en\/\" target=\"_blank\">www.acusmed.com<\/a> o que impidiera, de cualquier forma, la normal utilizaci\u00f3n de la web.<\/p>\n\n\n\n<p>No obstante, el usuario debe ser consciente de que las medidas de seguridad de los sistemas inform\u00e1ticos en Internet no son enteramente fiables y que, por tanto <a rel=\"noreferrer noopener\" href=\"https:\/\/acusmed.com\/en\/\" target=\"_blank\">www.acusmed.com<\/a> no puede garantizar la inexistencia de malware u otros elementos que puedan producir alteraciones en los sistemas inform\u00e1ticos (software y hardware) del usuario o en sus documentos electr\u00f3nicos y ficheros contenidos en los mismos aunque pongo todos los medios necesarios y las medidas de seguridad oportunas para evitar la presencia de estos elementos da\u00f1inos.<\/p>\n\n\n\n<h2 class=\"wp-block-heading\">Medidas de seguridad<\/h2>\n\n\n\n<p>Los datos personales comunicados por el usuario a <strong>Acusmed <\/strong>pueden ser almacenados en bases de datos automatizadas o no, cuya titularidad corresponde en exclusiva a <strong>Ac\u00fastica y Medio Ambiente SL<\/strong>, asumiendo \u00e9sta todas las medidas de \u00edndole t\u00e9cnica, organizativa y de seguridad que garantizan la confidencialidad, integridad y calidad de la informaci\u00f3n contenida en las mismas de acuerdo con lo establecido en la normativa vigente en protecci\u00f3n de datos.<\/p>\n\n\n\n<p>La comunicaci\u00f3n entre los usuarios y <a rel=\"noreferrer noopener\" href=\"https:\/\/acusmed.com\/en\/\" target=\"_blank\">www.acusmed.com<\/a> utiliza un canal seguro, y los&nbsp; datos transmitidos son cifrados gracias a protocolos a https, por tanto, garantizo las mejores&nbsp; condiciones de seguridad para que la confidencialidad de los usuarios est\u00e9 garantizada.<\/p>\n\n\n\n<h2 class=\"wp-block-heading\">Plataforma de resoluci\u00f3n de conflictos<\/h2>\n\n\n\n<p>Pongo tambi\u00e9n a disposici\u00f3n de los usuarios la plataforma de resoluci\u00f3n de litigios que facilita la Comisi\u00f3n Europea y que se encuentra disponible en el siguiente enlace: <a href=\"http:\/\/ec.europa.eu\/consumers\/odr\/\" target=\"_blank\" rel=\"noreferrer noopener\">http:\/\/ec.europa.eu\/consumers\/odr\/<\/a><\/p>\n\n\n\n<h2 class=\"wp-block-heading\">Enlaces externos<\/h2>\n\n\n\n<p>Las p\u00e1ginas de la web <a rel=\"noreferrer noopener\" href=\"https:\/\/acusmed.com\/en\/\" target=\"_blank\">www.acusmed.com<\/a> proporciona enlaces a otros sitios web propios y contenidos que son propiedad de terceros.<\/p>\n\n\n\n<p>El \u00fanico objeto de los enlaces es proporcionar al usuario la posibilidad de acceder a dichos enlaces.<\/p>\n\n\n\n<p><strong>Acusmed <\/strong>no se responsabiliza en ning\u00fan caso de los resultados que puedan derivarse al usuario por acceso a dichos enlaces.<\/p>\n\n\n\n<p>Asimismo, el usuario encontrar\u00e1 dentro de este sitio, p\u00e1ginas, promociones, programas de afiliados que acceden a los h\u00e1bitos de navegaci\u00f3n de los usuarios para establecer perfiles. Esta informaci\u00f3n siempre es an\u00f3nima y no se identifica al usuario.<\/p>\n\n\n\n<p><strong>La informaci\u00f3n que se proporcione en estos sitios patrocinado o enlaces de afiliados est\u00e1 sujeta a las pol\u00edticas de privacidad que se utilicen en dichos sitios y no estar\u00e1 sujeta a esta pol\u00edtica de privacidad<\/strong>. Por lo que recomiendamos ampliamente a los usuarios a revisar detalladamente las pol\u00edticas de privacidad de los enlaces de afiliado.<\/p>\n\n\n\n<h2 class=\"wp-block-heading\">Exclusi\u00f3n de garant\u00edas y responsable<\/h2>\n\n\n\n<p><strong>Acusmed <\/strong>no otorga ninguna garant\u00eda ni se hace responsable, en ning\u00fan caso, de los da\u00f1os y perjuicios de cualquier naturaleza que pudieran traer causa de:<\/p>\n\n\n\n<ul class=\"wp-block-list\">\n<li>La falta de disponibilidad, mantenimiento y efectivo funcionamiento de la web, o de sus servicios y contenidos.<\/li>\n\n\n\n<li>La existencia de malware, programas maliciosos o lesivos en los contenidos.<\/li>\n\n\n\n<li>El uso il\u00edcito, negligente, fraudulento o contrario a este Aviso Legal.<\/li>\n\n\n\n<li>La falta de licitud, calidad, fiabilidad, utilidad y disponibilidad de los servicios prestados por terceros y puestos a disposici\u00f3n de los usuarios en el sitio web.<\/li>\n\n\n\n<li>El prestador no se hace responsable bajo ning\u00fan concepto de los da\u00f1os que pudieran dimanar del uso ilegal o indebido de la presente p\u00e1gina web.<\/li>\n<\/ul>\n\n\n\n<h2 class=\"wp-block-heading\">Ley aplicable y jurisdicci\u00f3n<\/h2>\n\n\n\n<p>Con car\u00e1cter general las relaciones entre <strong>Acusmed <\/strong>con los usuarios de sus servicios telem\u00e1ticos, presentes en esta web se encuentran sometidas a la legislaci\u00f3n y jurisdicci\u00f3n espa\u00f1olas y a los tribunales de <strong>Asturias<\/strong>.<\/p>\n\n\n\n<p>En caso de que cualquier usuario tuviese alguna duda acerca de estas Condiciones legales o cualquier comentario sobre el portal <a rel=\"noreferrer noopener\" href=\"https:\/\/acusmed.com\/en\/\" target=\"_blank\">www.acusmed.com<\/a>, por favor dir\u00edjase a <a href=\"mailto:consultores@acusmed.com\">consultores@acusmed.com<\/a>.<\/p>\n\n\n\n<p>El aviso legal ha sido actualizado por \u00faltima vez en 2021.<\/p>","protected":false},"excerpt":{"rendered":"<p>Est\u00e1s en un espacio comprometido con los derechos de sus usuarios y por raz\u00f3n, tendr\u00e1s m\u00e1xima transparencia y rigor sobre todo que necesitas saber sobre esta web. Esta web cumple rigurosamente con la Ley Org\u00e1nica 3\/2018, de 5 de diciembre, de Protecci\u00f3n de Datos Personales y garant\u00eda de los derechos digitales (LOPDGDD). Cumple tambi\u00e9n con [&hellip;]<\/p>\n","protected":false},"author":1,"featured_media":0,"parent":0,"menu_order":0,"comment_status":"closed","ping_status":"closed","template":"","meta":{"_genesis_hide_title":false,"_genesis_hide_breadcrumbs":false,"_genesis_hide_singular_image":false,"_genesis_hide_footer_widgets":false,"_genesis_custom_body_class":"","_genesis_custom_post_class":"","_genesis_layout":"","footnotes":""},"class_list":{"0":"post-446","1":"page","2":"type-page","3":"status-publish","5":"entry"},"_links":{"self":[{"href":"https:\/\/acusmed.com\/en\/wp-json\/wp\/v2\/pages\/446","targetHints":{"allow":["GET"]}}],"collection":[{"href":"https:\/\/acusmed.com\/en\/wp-json\/wp\/v2\/pages"}],"about":[{"href":"https:\/\/acusmed.com\/en\/wp-json\/wp\/v2\/types\/page"}],"author":[{"embeddable":true,"href":"https:\/\/acusmed.com\/en\/wp-json\/wp\/v2\/users\/1"}],"replies":[{"embeddable":true,"href":"https:\/\/acusmed.com\/en\/wp-json\/wp\/v2\/comments?post=446"}],"version-history":[{"count":8,"href":"https:\/\/acusmed.com\/en\/wp-json\/wp\/v2\/pages\/446\/revisions"}],"predecessor-version":[{"id":554,"href":"https:\/\/acusmed.com\/en\/wp-json\/wp\/v2\/pages\/446\/revisions\/554"}],"wp:attachment":[{"href":"https:\/\/acusmed.com\/en\/wp-json\/wp\/v2\/media?parent=446"}],"curies":[{"name":"wp","href":"https:\/\/api.w.org\/{rel}","templated":true}]}}