{"id":45,"date":"2021-06-14T16:18:44","date_gmt":"2021-06-14T14:18:44","guid":{"rendered":"https:\/\/acusmed.com\/?page_id=45"},"modified":"2021-06-14T17:08:14","modified_gmt":"2021-06-14T15:08:14","slug":"premios","status":"publish","type":"page","link":"https:\/\/acusmed.com\/en\/premios\/","title":{"rendered":"Awards"},"content":{"rendered":"<div class=\"wp-block-columns are-vertically-aligned-top is-layout-flex wp-container-core-columns-is-layout-9d6595d7 wp-block-columns-is-layout-flex\">\n<div class=\"wp-block-column is-vertically-aligned-top is-layout-flow wp-block-column-is-layout-flow\" style=\"flex-basis:33.33%\">\n<figure class=\"wp-block-image size-full\"><img loading=\"lazy\" decoding=\"async\" width=\"871\" height=\"853\" src=\"https:\/\/acusmed.com\/wp-content\/uploads\/mirada-sostenible.png\" alt=\"\" class=\"wp-image-87\" srcset=\"https:\/\/acusmed.com\/wp-content\/uploads\/mirada-sostenible.png 871w, https:\/\/acusmed.com\/wp-content\/uploads\/mirada-sostenible-300x294.png 300w, https:\/\/acusmed.com\/wp-content\/uploads\/mirada-sostenible-768x752.png 768w\" sizes=\"auto, (max-width: 871px) 100vw, 871px\" \/><\/figure>\n<\/div>\n\n\n\n<div class=\"wp-block-column is-vertically-aligned-top is-layout-flow wp-block-column-is-layout-flow\" style=\"flex-basis:66.66%\">\n<p class=\"translation-block\">Awards<\/p>\n\n\n\n<ul class=\"wp-block-list\"><li><strong>Premio Nacional Alares<\/strong>, en la categor\u00eda de peque\u00f1a empresa. 2012. Fundaci\u00f3n Alares<\/li><li><strong>Premio Asturias Empresa Flexible<\/strong>, en la categor\u00eda de peque\u00f1a empresa. 2010. CVA<\/li><li><strong>Primer Premio a la Mejor Trayectoria Empresarial. <\/strong>2010. Centro de Empresas La Curtidora<\/li><li><strong>Primer Premio al Mejor Proyecto Empresarial Universitario .<\/strong>2003. Centro Europeo de Empresas e Innovaci\u00f3n, CEEI, de Asturias.<\/li><li><strong>Premio \u201cFuturo Avil\u00e9s\u201d. 2003. <\/strong>C\u00e1mara de Comercio de Avil\u00e9s<\/li><\/ul>\n\n\n\n<p class=\"translation-block\">Con motivo de nuestro 10\u00ba aniversario, en 2011, publicamos el libro \u00ab<strong>Una Mirada Sostenible<\/strong>\u00ab, que puedes descargar aqu\u00ed. <strong>Se real\u00edz\u00f3 \u00edntegramente con fondos propios y se distribuye de forma gratuita<\/strong>. En \u00e9l colaboraron de forma altruista&nbsp;numerosas empresas y entidades, invitadas a participar&nbsp;por ser referentes en RS, ser&nbsp;firmantes del Pacto Mundial en Asturias o bien por tener voz sobre colectivos.<\/p>\n\n\n\n<div class=\"wp-block-file\"><a href=\"https:\/\/acusmed.com\/wp-content\/uploads\/Libro_Acusmed-1.pdf\">Libro_Acusmed<\/a><a href=\"https:\/\/acusmed.com\/wp-content\/uploads\/Libro_Acusmed-1.pdf\" class=\"wp-block-file__button\" download>Descarga<\/a><\/div>\n<\/div>\n<\/div>\n\n\n\n<p><\/p>","protected":false},"excerpt":{"rendered":"<p>Desde nuestros inicios hemos sido galardonados en varias ocasiones Premio Nacional Alares, en la categor\u00eda de peque\u00f1a empresa. 2012. Fundaci\u00f3n Alares Premio Asturias Empresa Flexible, en la categor\u00eda de peque\u00f1a empresa. 2010. CVA Primer Premio a la Mejor Trayectoria Empresarial. 2010. Centro de Empresas La Curtidora Primer Premio al Mejor Proyecto Empresarial Universitario .2003. Centro [&hellip;]<\/p>\n","protected":false},"author":1,"featured_media":0,"parent":0,"menu_order":0,"comment_status":"closed","ping_status":"closed","template":"","meta":{"_genesis_hide_title":false,"_genesis_hide_breadcrumbs":false,"_genesis_hide_singular_image":false,"_genesis_hide_footer_widgets":false,"_genesis_custom_body_class":"","_genesis_custom_post_class":"","_genesis_layout":"","footnotes":""},"class_list":{"0":"post-45","1":"page","2":"type-page","3":"status-publish","5":"entry"},"_links":{"self":[{"href":"https:\/\/acusmed.com\/en\/wp-json\/wp\/v2\/pages\/45","targetHints":{"allow":["GET"]}}],"collection":[{"href":"https:\/\/acusmed.com\/en\/wp-json\/wp\/v2\/pages"}],"about":[{"href":"https:\/\/acusmed.com\/en\/wp-json\/wp\/v2\/types\/page"}],"author":[{"embeddable":true,"href":"https:\/\/acusmed.com\/en\/wp-json\/wp\/v2\/users\/1"}],"replies":[{"embeddable":true,"href":"https:\/\/acusmed.com\/en\/wp-json\/wp\/v2\/comments?post=45"}],"version-history":[{"count":8,"href":"https:\/\/acusmed.com\/en\/wp-json\/wp\/v2\/pages\/45\/revisions"}],"predecessor-version":[{"id":93,"href":"https:\/\/acusmed.com\/en\/wp-json\/wp\/v2\/pages\/45\/revisions\/93"}],"wp:attachment":[{"href":"https:\/\/acusmed.com\/en\/wp-json\/wp\/v2\/media?parent=45"}],"curies":[{"name":"wp","href":"https:\/\/api.w.org\/{rel}","templated":true}]}}